{"id":35,"date":"2025-04-27T22:57:50","date_gmt":"2025-04-27T22:57:50","guid":{"rendered":"https:\/\/ipsumnet.com\/?page_id=35"},"modified":"2025-04-30T12:10:12","modified_gmt":"2025-04-30T12:10:12","slug":"tafel","status":"publish","type":"page","link":"https:\/\/ipsumnet.com\/?page_id=35","title":{"rendered":"Der kleine Walpertskirchener Naturlehrpfad"},"content":{"rendered":"\n<figure class=\"wp-block-table aligncenter\"><table class=\"has-fixed-layout\"><tbody><tr><td class=\"has-text-align-center\" data-align=\"center\"><img loading=\"lazy\" decoding=\"async\" width=\"150\" height=\"200\" class=\"wp-image-62\" style=\"width: 150px;\" src=\"https:\/\/ipsumnet.com\/wp-content\/uploads\/2025\/04\/IMG_2158-1.jpeg\" alt=\"\" srcset=\"https:\/\/ipsumnet.com\/wp-content\/uploads\/2025\/04\/IMG_2158-1.jpeg 1536w, https:\/\/ipsumnet.com\/wp-content\/uploads\/2025\/04\/IMG_2158-1-225x300.jpeg 225w, https:\/\/ipsumnet.com\/wp-content\/uploads\/2025\/04\/IMG_2158-1-768x1024.jpeg 768w, https:\/\/ipsumnet.com\/wp-content\/uploads\/2025\/04\/IMG_2158-1-1152x1536.jpeg 1152w\" sizes=\"auto, (max-width: 150px) 100vw, 150px\" \/><\/td><td class=\"has-text-align-center\" data-align=\"center\">Buche<\/td><td class=\"has-text-align-center\" data-align=\"center\"><img loading=\"lazy\" decoding=\"async\" width=\"150\" height=\"280\" class=\"wp-image-61\" style=\"width: 150px;\" src=\"https:\/\/ipsumnet.com\/wp-content\/uploads\/2025\/04\/Buchenblatt.png\" alt=\"\" srcset=\"https:\/\/ipsumnet.com\/wp-content\/uploads\/2025\/04\/Buchenblatt.png 382w, https:\/\/ipsumnet.com\/wp-content\/uploads\/2025\/04\/Buchenblatt-161x300.png 161w\" sizes=\"auto, (max-width: 150px) 100vw, 150px\" \/><\/td><\/tr><\/tbody><\/table><\/figure>\n\n\n\n<figure class=\"wp-block-table is-style-regular\"><table class=\"has-fixed-layout\"><tbody><tr><td><strong>Bl\u00fcte:<\/strong><\/td><td class=\"has-text-align-center\" data-align=\"center\">Mai Juni<\/td><\/tr><tr><td><strong>Alter:<\/strong><\/td><td class=\"has-text-align-center\" data-align=\"center\">sehr alt bis zu 500 Jahre<\/td><\/tr><tr><td><strong>H\u00f6he<\/strong><\/td><td class=\"has-text-align-center\" data-align=\"center\">20-30 Meter<\/td><\/tr><tr><td><strong>Frucht:<\/strong><\/td><td class=\"has-text-align-center\" data-align=\"center\">Bucheckern <img loading=\"lazy\" decoding=\"async\" width=\"150\" height=\"117\" class=\"wp-image-65\" style=\"width: 150px;\" src=\"https:\/\/ipsumnet.com\/wp-content\/uploads\/2025\/04\/Bucheckern.png\" alt=\"\" srcset=\"https:\/\/ipsumnet.com\/wp-content\/uploads\/2025\/04\/Bucheckern.png 562w, https:\/\/ipsumnet.com\/wp-content\/uploads\/2025\/04\/Bucheckern-300x233.png 300w\" sizes=\"auto, (max-width: 150px) 100vw, 150px\" \/><\/td><\/tr><tr><td><strong>Holz:<\/strong><\/td><td class=\"has-text-align-center\" data-align=\"center\"><\/td><\/tr><tr><td><strong>Klima:<\/strong><\/td><td class=\"has-text-align-center\" data-align=\"center\"><\/td><\/tr><tr><td><strong><strong>Herkunft\/ Verbreitung<\/strong><\/strong><\/td><td class=\"has-text-align-center\" data-align=\"center\"><\/td><\/tr><tr><td><\/td><td class=\"has-text-align-center\" data-align=\"center\"><\/td><\/tr><tr><td><strong>Besonderheit:<\/strong><\/td><td class=\"has-text-align-center\" data-align=\"center\"><\/td><\/tr><tr><td><strong>Weiter Informationen:<\/strong><\/td><td class=\"has-text-align-center\" data-align=\"center\"><a href=\"https:\/\/www.naturadb.de\/pflanzen\/fagus-sylvatica\/\" data-type=\"link\" data-id=\"https:\/\/www.naturadb.de\/\" target=\"_blank\" rel=\"noreferrer noopener\">https:\/\/www.naturadb.de\/pflanzen\/fagus-sylvatica\/<\/a><\/td><\/tr><\/tbody><\/table><\/figure>\n\n\n\n<p>\u00d6kologie Wert f\u00fcr V\u00f6gel und Insekten<\/p>\n\n\n\n<figure class=\"wp-block-table\"><table class=\"has-fixed-layout\"><tbody><tr><td><strong>Wildbienen<\/strong><\/td><td><strong>Schmetterlinge:<\/strong><\/td><td><strong>Raupen spezialisiert:<\/strong><\/td><td><strong>Raupenarten:<\/strong><\/td><td><strong>Schw\u00e4befliegenart:<\/strong><\/td><td><strong>K\u00e4fer:<\/strong><\/td><\/tr><tr><td><a href=\"https:\/\/www.naturadb.de\/ratgeber\/wildbienen-darauf-sind-sie-angewiesen\/\">https:\/\/www.naturadb.de\/<\/a><a href=\"https:\/\/www.naturadb.de\/ratgeber\/wildbienen-darauf-sind-sie-angewiesen\/\" target=\"_blank\" rel=\"noreferrer noopener nofollow\">ratgeber\/wildbienen-darauf-sind-sie-angewiesen\/<\/a><\/td><td><\/td><td><\/td><td><\/td><td><\/td><td><\/td><\/tr><\/tbody><\/table><\/figure>\n\n\n\n<figure class=\"wp-block-table\"><table class=\"has-fixed-layout\"><tbody><tr><td><strong>Herkunft\/ Verbreitung Gebiet<\/strong><\/td><td><strong>gef\u00e4hrdet durch Klimawandel<\/strong><\/td><td><\/td><td><\/td><\/tr><tr><td><\/td><td>ja\/nein, Erkl\u00e4rung warum <\/td><td><\/td><td><\/td><\/tr><\/tbody><\/table><\/figure>\n\n\n\n<figure class=\"wp-block-table\"><table class=\"has-fixed-layout\"><tbody><tr><td><strong>Blatt:<\/strong><\/td><td><strong>Besonderheit:<\/strong><\/td><td><strong>Frucht:<\/strong><\/td><\/tr><tr><td><\/td><td><\/td><td><\/td><\/tr><\/tbody><\/table><\/figure>\n\n\n\n<figure class=\"wp-block-table\"><table class=\"has-fixed-layout\"><tbody><tr><td>Arbeitskreis Naturschutz Walpertskirchen e.V.<br><a href=\"http:\/\/ak-naturschutz-walpertskirchen.de\" data-type=\"link\" data-id=\"ak-naturschutz-walpertskirchen.de\" target=\"_blank\" rel=\"noreferrer noopener nofollow\">ak-naturschutz-walpertskirchen.de<\/a><\/td><td class=\"has-text-align-center\" data-align=\"center\"><img loading=\"lazy\" decoding=\"async\" width=\"150\" height=\"150\" class=\"wp-image-59\" style=\"width: 150px;\" src=\"https:\/\/ipsumnet.com\/wp-content\/uploads\/2025\/04\/qrcode_ipsumnet.com_.png\" alt=\"\" srcset=\"https:\/\/ipsumnet.com\/wp-content\/uploads\/2025\/04\/qrcode_ipsumnet.com_.png 450w, https:\/\/ipsumnet.com\/wp-content\/uploads\/2025\/04\/qrcode_ipsumnet.com_-300x300.png 300w, https:\/\/ipsumnet.com\/wp-content\/uploads\/2025\/04\/qrcode_ipsumnet.com_-150x150.png 150w\" sizes=\"auto, (max-width: 150px) 100vw, 150px\" \/><\/td><td class=\"has-text-align-center\" data-align=\"center\"><a href=\"http:\/\/www.ak-naturschutz-walpertskirchen.de\" target=\"_blank\" rel=\"noreferrer noopener\"><img loading=\"lazy\" decoding=\"async\" width=\"150\" height=\"151\" class=\"wp-image-10\" style=\"width: 150px;\" src=\"https:\/\/ipsumnet.com\/wp-content\/uploads\/2025\/04\/schutzen-bewahren-erleben-e1745790865874.png\" alt=\"\" srcset=\"https:\/\/ipsumnet.com\/wp-content\/uploads\/2025\/04\/schutzen-bewahren-erleben-e1745790865874.png 671w, https:\/\/ipsumnet.com\/wp-content\/uploads\/2025\/04\/schutzen-bewahren-erleben-e1745790865874-297x300.png 297w, https:\/\/ipsumnet.com\/wp-content\/uploads\/2025\/04\/schutzen-bewahren-erleben-e1745790865874-150x150.png 150w\" sizes=\"auto, (max-width: 150px) 100vw, 150px\" \/><\/a><\/td><\/tr><\/tbody><\/table><\/figure>\n\n\n\n<div class=\"wp-block-columns is-layout-flex wp-container-core-columns-is-layout-28f84493 wp-block-columns-is-layout-flex\">\n<div class=\"wp-block-column is-layout-flow wp-block-column-is-layout-flow\" style=\"flex-basis:100%\">\n<div class=\"wp-block-group is-nowrap is-layout-flex wp-container-core-group-is-layout-6c531013 wp-block-group-is-layout-flex\">\n<div class=\"wp-block-columns is-layout-flex wp-container-core-columns-is-layout-28f84493 wp-block-columns-is-layout-flex\">\n<div class=\"wp-block-column is-layout-flow wp-block-column-is-layout-flow\">\n<p class=\"has-text-align-left\">M\u00f6chtest Du mitmachen ? Unsere n\u00e4chsten Termine:<br><a href=\"https:\/\/ak-naturschutz-walpertskirchen.de\/mitmachen\/\" target=\"_blank\" rel=\"noreferrer noopener\">https:\/\/ak-naturschutz-walpertskirchen.de\/mitmachen\/<\/a><\/p>\n<\/div>\n\n\n\n<div class=\"wp-block-column is-layout-flow wp-block-column-is-layout-flow\">\n<div class=\"wp-block-columns is-layout-flex wp-container-core-columns-is-layout-28f84493 wp-block-columns-is-layout-flex\">\n<div class=\"wp-block-column is-layout-flow wp-block-column-is-layout-flow\"><div class=\"alignright wp-block-calendar\"><table id=\"wp-calendar\" class=\"wp-calendar-table\">\n\t<caption>April 2026<\/caption>\n\t<thead>\n\t<tr>\n\t\t<th scope=\"col\" aria-label=\"Montag\">M<\/th>\n\t\t<th scope=\"col\" aria-label=\"Dienstag\">D<\/th>\n\t\t<th scope=\"col\" aria-label=\"Mittwoch\">M<\/th>\n\t\t<th scope=\"col\" aria-label=\"Donnerstag\">D<\/th>\n\t\t<th scope=\"col\" aria-label=\"Freitag\">F<\/th>\n\t\t<th scope=\"col\" aria-label=\"Samstag\">S<\/th>\n\t\t<th scope=\"col\" aria-label=\"Sonntag\">S<\/th>\n\t<\/tr>\n\t<\/thead>\n\t<tbody>\n\t<tr>\n\t\t<td colspan=\"2\" class=\"pad\">&nbsp;<\/td><td>1<\/td><td>2<\/td><td>3<\/td><td>4<\/td><td>5<\/td>\n\t<\/tr>\n\t<tr>\n\t\t<td>6<\/td><td>7<\/td><td>8<\/td><td>9<\/td><td>10<\/td><td>11<\/td><td>12<\/td>\n\t<\/tr>\n\t<tr>\n\t\t<td>13<\/td><td>14<\/td><td>15<\/td><td>16<\/td><td>17<\/td><td>18<\/td><td>19<\/td>\n\t<\/tr>\n\t<tr>\n\t\t<td>20<\/td><td>21<\/td><td>22<\/td><td id=\"today\">23<\/td><td>24<\/td><td>25<\/td><td>26<\/td>\n\t<\/tr>\n\t<tr>\n\t\t<td>27<\/td><td>28<\/td><td>29<\/td><td>30<\/td>\n\t\t<td class=\"pad\" colspan=\"3\">&nbsp;<\/td>\n\t<\/tr>\n\t<\/tbody>\n\t<\/table><nav aria-label=\"Vorherige und n\u00e4chste Monate\" class=\"wp-calendar-nav\">\n\t\t<span class=\"wp-calendar-nav-prev\"><a href=\"https:\/\/ipsumnet.com\/?m=202504\">&laquo; Apr.<\/a><\/span>\n\t\t<span class=\"pad\">&nbsp;<\/span>\n\t\t<span class=\"wp-calendar-nav-next\">&nbsp;<\/span>\n\t<\/nav><\/div><\/div>\n<\/div>\n<\/div>\n<\/div>\n<\/div>\n<\/div>\n<\/div>\n\n\n\n<figure class=\"wp-block-table\"><table class=\"has-fixed-layout\"><tbody><tr><td>Mache Deinen Garten Insektenfreundlich und pflegeleicht<br><br><a href=\"https:\/\/www.naturadb.de\/ratgeber\/experten-befragt-wie-kann-ich-meinen-garten-oekologisch-gestalten\/\" target=\"_blank\" rel=\"noreferrer noopener nofollow\">https:\/\/www.naturadb.de\/ratgeber\/experten-befragt-wie-kann-ich-meinen-garten-oekologisch-gestalten\/<\/a><br><br><\/td><td><\/td><\/tr><\/tbody><\/table><\/figure>\n\n\n\n<p><\/p>\n","protected":false},"excerpt":{"rendered":"<p>Buche Bl\u00fcte: Mai Juni Alter: sehr alt bis zu 500 Jahre H\u00f6he 20-30 Meter Frucht: Bucheckern Holz: Klima: Herkunft\/ Verbreitung [&hellip;]<\/p>\n","protected":false},"author":1,"featured_media":0,"parent":0,"menu_order":0,"comment_status":"closed","ping_status":"closed","template":"","meta":{"site-sidebar-layout":"default","site-content-layout":"","ast-site-content-layout":"","site-content-style":"default","site-sidebar-style":"default","ast-global-header-display":"","ast-banner-title-visibility":"","ast-main-header-display":"","ast-hfb-above-header-display":"","ast-hfb-below-header-display":"","ast-hfb-mobile-header-display":"","site-post-title":"disabled","ast-breadcrumbs-content":"","ast-featured-img":"","footer-sml-layout":"","theme-transparent-header-meta":"","adv-header-id-meta":"","stick-header-meta":"","header-above-stick-meta":"","header-main-stick-meta":"","header-below-stick-meta":"","astra-migrate-meta-layouts":"default","ast-page-background-enabled":"default","ast-page-background-meta":{"desktop":{"background-color":"var(--ast-global-color-5)","background-image":"","background-repeat":"repeat","background-position":"center center","background-size":"auto","background-attachment":"scroll","background-type":"","background-media":"","overlay-type":"","overlay-color":"","overlay-opacity":"","overlay-gradient":""},"tablet":{"background-color":"","background-image":"","background-repeat":"repeat","background-position":"center center","background-size":"auto","background-attachment":"scroll","background-type":"","background-media":"","overlay-type":"","overlay-color":"","overlay-opacity":"","overlay-gradient":""},"mobile":{"background-color":"","background-image":"","background-repeat":"repeat","background-position":"center center","background-size":"auto","background-attachment":"scroll","background-type":"","background-media":"","overlay-type":"","overlay-color":"","overlay-opacity":"","overlay-gradient":""}},"ast-content-background-meta":{"desktop":{"background-color":"var(--ast-global-color-4)","background-image":"","background-repeat":"repeat","background-position":"center center","background-size":"auto","background-attachment":"scroll","background-type":"","background-media":"","overlay-type":"","overlay-color":"","overlay-opacity":"","overlay-gradient":""},"tablet":{"background-color":"var(--ast-global-color-4)","background-image":"","background-repeat":"repeat","background-position":"center center","background-size":"auto","background-attachment":"scroll","background-type":"","background-media":"","overlay-type":"","overlay-color":"","overlay-opacity":"","overlay-gradient":""},"mobile":{"background-color":"var(--ast-global-color-4)","background-image":"","background-repeat":"repeat","background-position":"center center","background-size":"auto","background-attachment":"scroll","background-type":"","background-media":"","overlay-type":"","overlay-color":"","overlay-opacity":"","overlay-gradient":""}},"footnotes":""},"class_list":["post-35","page","type-page","status-publish","hentry"],"_links":{"self":[{"href":"https:\/\/ipsumnet.com\/index.php?rest_route=\/wp\/v2\/pages\/35","targetHints":{"allow":["GET"]}}],"collection":[{"href":"https:\/\/ipsumnet.com\/index.php?rest_route=\/wp\/v2\/pages"}],"about":[{"href":"https:\/\/ipsumnet.com\/index.php?rest_route=\/wp\/v2\/types\/page"}],"author":[{"embeddable":true,"href":"https:\/\/ipsumnet.com\/index.php?rest_route=\/wp\/v2\/users\/1"}],"replies":[{"embeddable":true,"href":"https:\/\/ipsumnet.com\/index.php?rest_route=%2Fwp%2Fv2%2Fcomments&post=35"}],"version-history":[{"count":37,"href":"https:\/\/ipsumnet.com\/index.php?rest_route=\/wp\/v2\/pages\/35\/revisions"}],"predecessor-version":[{"id":98,"href":"https:\/\/ipsumnet.com\/index.php?rest_route=\/wp\/v2\/pages\/35\/revisions\/98"}],"wp:attachment":[{"href":"https:\/\/ipsumnet.com\/index.php?rest_route=%2Fwp%2Fv2%2Fmedia&parent=35"}],"curies":[{"name":"wp","href":"https:\/\/api.w.org\/{rel}","templated":true}]}}